{"id":3258,"date":"2018-04-17T10:46:34","date_gmt":"2018-04-17T10:46:34","guid":{"rendered":"https:\/\/www.iturraskarri.plazaola.org\/puntos-de-interes\/"},"modified":"2018-05-04T07:26:23","modified_gmt":"2018-05-04T07:26:23","slug":"interesguneak","status":"publish","type":"page","link":"https:\/\/www.iturraskarri.plazaola.org\/eu\/interesguneak\/","title":{"rendered":"Interesguneak"},"content":{"rendered":"<p>[et_pb_section bb_built=&#8221;1&#8243; background_color=&#8221;#c8c1bc&#8221; _builder_version=&#8221;3.0.106&#8243; custom_padding=&#8221;50px|0px|0px|0px&#8221; next_background_color=&#8221;#000000&#8243;][et_pb_row custom_padding=&#8221;0px|0px|0px|0px&#8221; background_color=&#8221;#c8c1bc&#8221; _builder_version=&#8221;3.0.106&#8243; background_size=&#8221;initial&#8221; background_position=&#8221;top_left&#8221; background_repeat=&#8221;repeat&#8221;][et_pb_column type=&#8221;4_4&#8243;][et_pb_text _builder_version=&#8221;3.0.106&#8243; text_text_color=&#8221;#26cccc&#8221; text_letter_spacing=&#8221;11px&#8221; header_font_size=&#8221;11px&#8221; header_text_color=&#8221;#26cccc&#8221; saved_tabs=&#8221;all&#8221;]<\/p>\n<p><span style=\"color: #283139;\">INTERESGUNEAK<\/span><\/p>\n<p>[\/et_pb_text][\/et_pb_column][\/et_pb_row][\/et_pb_section][et_pb_section bb_built=&#8221;1&#8243; background_color=&#8221;#c8c1bc&#8221; next_background_color=&#8221;#ffffff&#8221; _builder_version=&#8221;3.0.106&#8243; custom_margin=&#8221;0px|||&#8221; custom_padding=&#8221;15px|0px|54px|0px&#8221; bottom_divider_style=&#8221;waves2&#8243; prev_background_color=&#8221;#000000&#8243;][et_pb_row use_custom_gutter=&#8221;on&#8221; gutter_width=&#8221;2&#8243; custom_padding=&#8221;0px|0px|27px|0px&#8221; custom_margin=&#8221;0px|||&#8221; background_color=&#8221;#c8c1bc&#8221; _builder_version=&#8221;3.0.106&#8243;][et_pb_column type=&#8221;1_3&#8243;][et_pb_image admin_label=&#8221;Imagen\/PERRATOKI&#8221; src=&#8221;https:\/\/www.iturraskarri.plazaola.org\/wp-content\/uploads\/2017\/10\/perratokia-mugiro.jpg&#8221; url=&#8221;https:\/\/www.iturraskarri.plazaola.org\/eu\/ferratokia\/&#8221; use_overlay=&#8221;on&#8221; hover_overlay_color=&#8221;rgba(0,0,0,0.28)&#8221; hover_icon=&#8221;%%47%%&#8221; align=&#8221;center&#8221; _builder_version=&#8221;3.0.106&#8243; background_color=&#8221;#ffffff&#8221;]<br \/>\n[\/et_pb_image][et_pb_text admin_label=&#8221;Texto\/El perratoki&#8221; _builder_version=&#8221;3.0.106&#8243; header_font_size=&#8221;32px&#8221; background_color=&#8221;#ffffff&#8221; custom_margin=&#8221;-30px|||&#8221; custom_padding=&#8221;25px|10px|20px|10px&#8221;]<\/p>\n<h1 style=\"text-align: center;\"><span style=\"color: #817164;\">Ferratokia<\/span><\/h1>\n<p style=\"text-align: center;\">Abereen indarra ezinbestekoa izan zaigu oraintsu arte soroko lanak egiteko, bai garraioan bai nekazaritzan&#8230;<br \/>\n<a href=\"..\/ferratokia\/\">Gehiago irakurri \u00bb<\/a><\/p>\n<p>[\/et_pb_text][\/et_pb_column][et_pb_column type=&#8221;1_3&#8243;][et_pb_image admin_label=&#8221;Imagen\/KONJUROTOKI&#8221; src=&#8221;https:\/\/www.iturraskarri.plazaola.org\/wp-content\/uploads\/2017\/10\/konjuratokia-etxarri.jpg&#8221; url=&#8221;https:\/\/www.iturraskarri.plazaola.org\/eu\/konjurutoki\/&#8221; use_overlay=&#8221;on&#8221; hover_overlay_color=&#8221;rgba(0,0,0,0.28)&#8221; hover_icon=&#8221;%%47%%&#8221; align=&#8221;center&#8221; _builder_version=&#8221;3.0.106&#8243; background_color=&#8221;#ffffff&#8221;]<br \/>\n[\/et_pb_image][et_pb_text admin_label=&#8221;Texto\/Konjurotoki&#8221; _builder_version=&#8221;3.0.106&#8243; header_font_size=&#8221;32px&#8221; background_color=&#8221;#ffffff&#8221; custom_margin=&#8221;-30px|||&#8221; custom_padding=&#8221;25px|10px|20px|10px&#8221;]<\/p>\n<h1 style=\"text-align: center;\"><span style=\"color: #817164;\">Konjurutoki<\/span><\/h1>\n<p style=\"text-align: center;\">Konjuru edo araoengan fede sutsua zegoen hainbat konponbidetarako, ekaitz eta kazkabarraren aurkako&#8230;<br \/>\n<a href=\"https:\/\/www.iturraskarri.plazaola.org\/eu\/konjurutoki\/\">Gehiago irakurri \u00bb<\/a><\/p>\n<p>[\/et_pb_text][\/et_pb_column][et_pb_column type=&#8221;1_3&#8243;][et_pb_image admin_label=&#8221;Imagen\/NACEDERO DE IRIBAS&#8221; src=&#8221;https:\/\/www.iturraskarri.plazaola.org\/wp-content\/uploads\/2017\/10\/Iribas-Iturburu.jpg&#8221; url=&#8221;https:\/\/www.iturraskarri.plazaola.org\/eu\/iribasko-iturburua\/&#8221; use_overlay=&#8221;on&#8221; hover_overlay_color=&#8221;rgba(0,0,0,0.28)&#8221; hover_icon=&#8221;%%47%%&#8221; align=&#8221;center&#8221; _builder_version=&#8221;3.0.106&#8243; background_color=&#8221;#ffffff&#8221;]<br \/>\n[\/et_pb_image][et_pb_text admin_label=&#8221;Texto\/El nacedero de Iribas&#8221; _builder_version=&#8221;3.0.106&#8243; header_font_size=&#8221;32px&#8221; background_color=&#8221;#ffffff&#8221; custom_margin=&#8221;-30px|||&#8221; custom_padding=&#8221;25px|10px|20px|10px&#8221;]<\/p>\n<h1 style=\"text-align: center;\"><span style=\"color: #817164;\">Iribasko iturburua<\/span><\/h1>\n<p style=\"text-align: center;\">Ertzilla ibaia Aitzarrateta 1 iturburuan sortzen da. Jaiotzen den momentutik bere ura energ\u00eda sortzeko&#8230;<br \/>\n<a href=\"..\/iribasko-iturburua\/\">Gehiago irakurri\u00a0 \u00bb<\/a><\/p>\n<p>[\/et_pb_text][\/et_pb_column][\/et_pb_row][et_pb_row use_custom_gutter=&#8221;on&#8221; gutter_width=&#8221;2&#8243; custom_padding=&#8221;0px|0px|27px|0px&#8221; _builder_version=&#8221;3.0.76&#8243;][et_pb_column type=&#8221;1_3&#8243;][et_pb_image admin_label=&#8221;Imagen\/SAN MIGUEL&#8221; src=&#8221;https:\/\/www.iturraskarri.plazaola.org\/wp-content\/uploads\/2018\/04\/San-Miguel-de-Aralar.jpg&#8221; url=&#8221;https:\/\/www.iturraskarri.plazaola.org\/eu\/aralarko-san-migel\/&#8221; use_overlay=&#8221;on&#8221; hover_overlay_color=&#8221;rgba(0,0,0,0.28)&#8221; hover_icon=&#8221;%%47%%&#8221; align=&#8221;center&#8221; _builder_version=&#8221;3.0.106&#8243; background_color=&#8221;#ffffff&#8221;]<br \/>\n[\/et_pb_image][et_pb_text admin_label=&#8221;Texto\/San Miguel de Aralar&#8221; _builder_version=&#8221;3.0.106&#8243; header_font_size=&#8221;32px&#8221; background_color=&#8221;#ffffff&#8221; custom_margin=&#8221;-30px|||&#8221; custom_padding=&#8221;25px|10px|20px|10px&#8221;]<\/p>\n<h1 style=\"text-align: center;\"><span style=\"color: #817164;\">Aralarko San Migel<\/span><\/h1>\n<p style=\"text-align: center;\">Artxueta mendiak babestu egiten du santutegia, eta baita erikitzeko lautadatxoa eskaini ere. Hortxe dugu San Migel&#8230;<br \/>\n<a href=\"..\/aralarko-san-migel\/\">Gehiago irakurri \u00bb<\/a><\/p>\n<p>[\/et_pb_text][\/et_pb_column][et_pb_column type=&#8221;1_3&#8243;][et_pb_image admin_label=&#8221;Imagen\/HERRI USTUAK&#8221; src=&#8221;https:\/\/www.iturraskarri.plazaola.org\/wp-content\/uploads\/2017\/10\/Berama-Satrustegi.jpg&#8221; url=&#8221;https:\/\/www.iturraskarri.plazaola.org\/eu\/herri-hustuak\/&#8221; use_overlay=&#8221;on&#8221; hover_overlay_color=&#8221;rgba(0,0,0,0.28)&#8221; hover_icon=&#8221;%%47%%&#8221; align=&#8221;center&#8221; _builder_version=&#8221;3.0.106&#8243; background_color=&#8221;#ffffff&#8221;]<br \/>\n[\/et_pb_image][et_pb_text admin_label=&#8221;Texto\/Pueblos despoblados&#8221; _builder_version=&#8221;3.0.106&#8243; header_font_size=&#8221;32px&#8221; background_color=&#8221;#ffffff&#8221; custom_margin=&#8221;-30px|||&#8221; custom_padding=&#8221;25px|10px|20px|10px&#8221;]<\/p>\n<h1 style=\"text-align: center;\"><span style=\"color: #817164;\">Herri hustuak<\/span><\/h1>\n<p style=\"text-align: center;\">Mirando atr\u00e1s puede verse que la ocupaci\u00f3n humana del valle era distinta a la actual. En el espacio que hoy en d\u00eda&#8230;<br \/>\n<a href=\"..\/herri-hustuak\/\">Gehiago irakurri \u00bb<\/a><\/p>\n<p>[\/et_pb_text][\/et_pb_column][et_pb_column type=&#8221;1_3&#8243;][et_pb_image admin_label=&#8221;Imagen\/CASTILLOS&#8221; src=&#8221;https:\/\/www.iturraskarri.plazaola.org\/wp-content\/uploads\/2018\/04\/Gazteluak-Axita.jpg&#8221; url=&#8221;https:\/\/www.iturraskarri.plazaola.org\/eu\/gazteluak\/&#8221; use_overlay=&#8221;on&#8221; hover_overlay_color=&#8221;rgba(0,0,0,0.28)&#8221; hover_icon=&#8221;%%47%%&#8221; align=&#8221;center&#8221; _builder_version=&#8221;3.0.106&#8243; background_color=&#8221;#000000&#8243;]<br \/>\n[\/et_pb_image][et_pb_text admin_label=&#8221;Texto\/Castillos&#8221; _builder_version=&#8221;3.0.106&#8243; header_font_size=&#8221;32px&#8221; background_color=&#8221;#ffffff&#8221; custom_margin=&#8221;-30px|||&#8221; custom_padding=&#8221;25px|10px|20px|10px&#8221;]<\/p>\n<h1 style=\"text-align: center;\"><span style=\"color: #817164;\">Gazteluak<\/span><\/h1>\n<p style=\"text-align: center;\">Gorritiko gaztelua.<br \/>\nAizita-Axitako gaztelua.<br \/>\nOrraregiko gaztelua.<br \/>\nLekunberriko gaztelua.<br \/>\n<a href=\"https:\/\/www.iturraskarri.plazaola.org\/eu\/gazteluak\/\">Gehiago irakurri \u00bb<\/a><\/p>\n<p>[\/et_pb_text][\/et_pb_column][\/et_pb_row][et_pb_row use_custom_gutter=&#8221;on&#8221; gutter_width=&#8221;2&#8243; custom_padding=&#8221;0px|0px|27px|0px&#8221; _builder_version=&#8221;3.0.76&#8243;][et_pb_column type=&#8221;1_3&#8243;][et_pb_image admin_label=&#8221;Imagen\/Mendukilo&#8221; src=&#8221;https:\/\/www.iturraskarri.plazaola.org\/wp-content\/uploads\/2018\/04\/Mendukillo.jpg&#8221; url=&#8221;https:\/\/www.iturraskarri.plazaola.org\/eu\/mendukilo\/&#8221; use_overlay=&#8221;on&#8221; hover_overlay_color=&#8221;rgba(0,0,0,0.28)&#8221; hover_icon=&#8221;%%47%%&#8221; align=&#8221;center&#8221; _builder_version=&#8221;3.0.106&#8243; background_color=&#8221;#000000&#8243;]<br \/>\n[\/et_pb_image][et_pb_text admin_label=&#8221;Texto\/Cuevas de Mendukilo&#8221; _builder_version=&#8221;3.0.106&#8243; header_font_size=&#8221;32px&#8221; background_color=&#8221;#ffffff&#8221; custom_margin=&#8221;-30px|||&#8221; custom_padding=&#8221;25px|10px|20px|10px&#8221;]<\/p>\n<h1 style=\"text-align: center;\"><span style=\"color: #817164;\">Mendukilo<\/span><\/h1>\n<p style=\"text-align: center;\">Aralarren barrena fosil bat aurkitzen baduzu, ziur aski maskor edo koral batena izango da.<br \/>\n<a href=\"https:\/\/www.iturraskarri.plazaola.org\/eu\/mendukilo\/\">Gehiago irakurri\u00bb<\/a><\/p>\n<p>[\/et_pb_text][\/et_pb_column][et_pb_column type=&#8221;1_3&#8243;][et_pb_image admin_label=&#8221;Imagen\/ITXASPERRI&#8221; src=&#8221;https:\/\/www.iturraskarri.plazaola.org\/wp-content\/uploads\/2017\/10\/Santiago-de-Itxasperri.jpg&#8221; url=&#8221;https:\/\/www.iturraskarri.plazaola.org\/eu\/itxasperri\/&#8221; use_overlay=&#8221;on&#8221; hover_overlay_color=&#8221;rgba(0,0,0,0.28)&#8221; hover_icon=&#8221;%%47%%&#8221; align=&#8221;center&#8221; _builder_version=&#8221;3.0.106&#8243; background_color=&#8221;#ffffff&#8221;]<br \/>\n[\/et_pb_image][et_pb_text admin_label=&#8221;Texto\/Santiago de Itxasperri&#8221; _builder_version=&#8221;3.0.106&#8243; header_font_size=&#8221;32px&#8221; background_color=&#8221;#ffffff&#8221; custom_margin=&#8221;-30px|||&#8221; custom_padding=&#8221;25px|10px|20px|10px&#8221;]<\/p>\n<h1 style=\"text-align: center;\"><span style=\"color: #817164;\">Itxasperri<\/span><\/h1>\n<p style=\"text-align: center;\">1268 Rediezmo Liburuan Issasperry aipatzen da. Ermita Itxasperri despopulatuko ermita litzateke.<br \/>\n<a href=\"https:\/\/www.iturraskarri.plazaola.org\/eu\/itxasperri\/\">Gehiago irakurri \u00bb<\/a><\/p>\n<p>[\/et_pb_text][\/et_pb_column][et_pb_column type=&#8221;1_3&#8243;][et_pb_image admin_label=&#8221;Imagen\/ZAMARTZE&#8221; src=&#8221;https:\/\/www.iturraskarri.plazaola.org\/wp-content\/uploads\/2018\/04\/Zamartze-handia.jpg&#8221; url=&#8221;https:\/\/www.iturraskarri.plazaola.org\/eu\/zamartze\/&#8221; use_overlay=&#8221;on&#8221; hover_overlay_color=&#8221;rgba(0,0,0,0.28)&#8221; hover_icon=&#8221;%%47%%&#8221; align=&#8221;center&#8221; _builder_version=&#8221;3.0.106&#8243; background_color=&#8221;#ffffff&#8221;]<br \/>\n[\/et_pb_image][et_pb_text admin_label=&#8221;Texto\/Zamartze&#8221; _builder_version=&#8221;3.0.106&#8243; header_font_size=&#8221;32px&#8221; background_color=&#8221;#ffffff&#8221; custom_margin=&#8221;-30px|||&#8221; custom_padding=&#8221;25px|10px|20px|10px&#8221;]<\/p>\n<h1 style=\"text-align: center;\"><span style=\"color: #817164;\">Zamartze<\/span><\/h1>\n<p style=\"text-align: center;\">Uharte Arakilen kokatua, Arakil ibaiaren ondoan eta Aralar mendizerraren magalean, San Migel Santutegirako bidean&#8230;<br \/>\n<a href=\"https:\/\/www.iturraskarri.plazaola.org\/eu\/zamartze\/\">Gehiago irakurri \u00bb<\/a><\/p>\n<p>[\/et_pb_text][\/et_pb_column][\/et_pb_row][\/et_pb_section][et_pb_section bb_built=&#8221;1&#8243; background_color=&#8221;#ffffff&#8221; _builder_version=&#8221;3.0.106&#8243; border_style_all=&#8221;none&#8221; custom_padding=&#8221;30px|0px|20px|0px&#8221; top_divider_flip=&#8221;vertical&#8221; animation_direction=&#8221;top&#8221; prev_background_color=&#8221;#c8c1bc&#8221; next_background_color=&#8221;#c8c1bc&#8221;][et_pb_row custom_padding=&#8221;24px|0px|0px|0px&#8221; _builder_version=&#8221;3.0.106&#8243;][et_pb_column type=&#8221;1_4&#8243;][et_pb_text _builder_version=&#8221;3.0.76&#8243; border_width_all=&#8221;0px&#8221; border_color_all=&#8221;#ffffff&#8221; border_style_all=&#8221;solid&#8221; custom_css_main_element=&#8221;.vl {|| border-left: 6px solid green;|| height: 500px;|| position: absolute;|| left: 50%;|| margin-left: -3px;|| top: 0;||}&#8221; use_border_color=&#8221;on&#8221; border_style=&#8221;solid&#8221;]<\/p>\n<h3><strong>Lekunberriko Turismo Bulegoa<\/strong><\/h3>\n<p>Plazaola, 21<br \/>\n31810 Lekunberri<br \/>\n948 507 205<\/p>\n<p>[\/et_pb_text][\/et_pb_column][et_pb_column type=&#8221;1_4&#8243;][et_pb_image src=&#8221;https:\/\/www.iturraskarri.plazaola.org\/wp-content\/uploads\/2017\/10\/plazaola.ppng_.png&#8221; url=&#8221;http:\/\/www.plazaola.org\/&#8221; url_new_window=&#8221;on&#8221; _builder_version=&#8221;3.0.76&#8243; custom_css_main_element=&#8221;max-width: 180px;||&#8221;]<br \/>\n[\/et_pb_image][\/et_pb_column][et_pb_column type=&#8221;1_4&#8243;][et_pb_image src=&#8221;https:\/\/www.iturraskarri.plazaola.org\/wp-content\/uploads\/2017\/10\/reyno-de-navarra.png&#8221; url=&#8221;http:\/\/www.turismo.navarra.es\/esp\/home\/&#8221; url_new_window=&#8221;on&#8221; _builder_version=&#8221;3.0.76&#8243; custom_css_main_element=&#8221;max-width: 200px;||&#8221;]<br \/>\n[\/et_pb_image][et_pb_text _builder_version=&#8221;3.0.106&#8243;]<\/p>\n<p><span style=\"border-radius: 2px; text-indent: 20px; width: auto; padding: 0px 4px 0px 0px; text-align: center; font: bold 11px\/20px 'Helvetica Neue',Helvetica,sans-serif; color: #ffffff; background: #bd081c no-repeat scroll 3px 50% \/ 14px 14px; position: absolute; opacity: 1; z-index: 8675309; display: none; cursor: pointer; top: 26px; left: 149px;\">Guardar<\/span><\/p>\n<p>[\/et_pb_text][\/et_pb_column][et_pb_column type=&#8221;1_4&#8243;][et_pb_image src=&#8221;https:\/\/www.iturraskarri.plazaola.org\/wp-content\/uploads\/2017\/10\/gobierno-de-navarra.png&#8221; url=&#8221;https:\/\/www.navarra.es&#8221; url_new_window=&#8221;on&#8221; _builder_version=&#8221;3.0.76&#8243;]<br \/>\n[\/et_pb_image][et_pb_image src=&#8221;https:\/\/www.iturraskarri.plazaola.org\/wp-content\/uploads\/2017\/10\/Irurtzungo-gizarte-zerbi.png&#8221; url=&#8221;http:\/\/www.irurtzun.eus\/mancomunidad-de-servicios-sociales-de-la-zona-basica-de-irurtzun\/&#8221; url_new_window=&#8221;on&#8221; _builder_version=&#8221;3.0.76&#8243;]<br \/>\n[\/et_pb_image][et_pb_image src=&#8221;https:\/\/www.iturraskarri.plazaola.org\/wp-content\/uploads\/2017\/10\/empleosociallogo.png&#8221; url=&#8221;http:\/\/www.navarra.es\/home_es\/ServiciosEmpleado\/ficha\/16044\/Ayuda-para-Empleo-Social-Protegido-2017&#8243; url_new_window=&#8221;on&#8221; _builder_version=&#8221;3.0.76&#8243;]<br \/>\n[\/et_pb_image][et_pb_image src=&#8221;https:\/\/www.iturraskarri.plazaola.org\/wp-content\/uploads\/2017\/10\/union-europea.jpg&#8221; url=&#8221;http:\/\/ec.europa.eu\/esf\/home.jsp?langId=es&#8221; url_new_window=&#8221;on&#8221; _builder_version=&#8221;3.0.76&#8243; max_width=&#8221;85%&#8221; custom_margin=&#8221;|||25px&#8221; border_style=&#8221;solid&#8221;]<br \/>\n[\/et_pb_image][\/et_pb_column][\/et_pb_row][\/et_pb_section][et_pb_section bb_built=&#8221;1&#8243; background_color=&#8221;#c8c1bc&#8221; inner_shadow=&#8221;on&#8221; _builder_version=&#8221;3.0.106&#8243; custom_padding=&#8221;0px|0px|0px|0px&#8221; prev_background_color=&#8221;#ffffff&#8221;][et_pb_row custom_padding=&#8221;20px|0px|17px|0px&#8221; _builder_version=&#8221;3.0.47&#8243; background_size=&#8221;initial&#8221; background_position=&#8221;top_left&#8221; background_repeat=&#8221;repeat&#8221;][et_pb_column type=&#8221;4_4&#8243;][et_pb_text _builder_version=&#8221;3.0.106&#8243; text_font=&#8221;Kreon||||&#8221; text_font_size=&#8221;22&#8243; text_text_color=&#8221;#817164&#8243; header_text_align=&#8221;center&#8221; header_font_size=&#8221;16px&#8221; header_text_color=&#8221;rgba(255,255,255,0.42)&#8221;]<\/p>\n<p style=\"text-align: center;\">Iturraskarri: Bideak eta arraskak berritzeko egitasmo soziala<\/p>\n<p>[\/et_pb_text][\/et_pb_column][\/et_pb_row][\/et_pb_section]<\/p>\n","protected":false},"excerpt":{"rendered":"<p>INTERESGUNEAK Ferratokia Abereen indarra ezinbestekoa izan zaigu oraintsu arte soroko lanak egiteko, bai garraioan bai nekazaritzan&#8230; Gehiago irakurri \u00bb Konjurutoki Konjuru edo araoengan fede sutsua zegoen hainbat konponbidetarako, ekaitz eta kazkabarraren aurkako&#8230; Gehiago irakurri \u00bb Iribasko iturburua Ertzilla ibaia Aitzarrateta 1 iturburuan sortzen da. Jaiotzen den momentutik bere ura energ\u00eda sortzeko&#8230; Gehiago irakurri\u00a0 \u00bb Aralarko [&hellip;]<\/p>\n","protected":false},"author":1,"featured_media":0,"parent":0,"menu_order":0,"comment_status":"closed","ping_status":"closed","template":"","meta":{"_et_pb_use_builder":"on","_et_pb_old_content":"","_et_gb_content_width":"","footnotes":""},"class_list":["post-3258","page","type-page","status-publish","hentry"],"_links":{"self":[{"href":"https:\/\/www.iturraskarri.plazaola.org\/eu\/wp-json\/wp\/v2\/pages\/3258","targetHints":{"allow":["GET"]}}],"collection":[{"href":"https:\/\/www.iturraskarri.plazaola.org\/eu\/wp-json\/wp\/v2\/pages"}],"about":[{"href":"https:\/\/www.iturraskarri.plazaola.org\/eu\/wp-json\/wp\/v2\/types\/page"}],"author":[{"embeddable":true,"href":"https:\/\/www.iturraskarri.plazaola.org\/eu\/wp-json\/wp\/v2\/users\/1"}],"replies":[{"embeddable":true,"href":"https:\/\/www.iturraskarri.plazaola.org\/eu\/wp-json\/wp\/v2\/comments?post=3258"}],"version-history":[{"count":43,"href":"https:\/\/www.iturraskarri.plazaola.org\/eu\/wp-json\/wp\/v2\/pages\/3258\/revisions"}],"predecessor-version":[{"id":4551,"href":"https:\/\/www.iturraskarri.plazaola.org\/eu\/wp-json\/wp\/v2\/pages\/3258\/revisions\/4551"}],"wp:attachment":[{"href":"https:\/\/www.iturraskarri.plazaola.org\/eu\/wp-json\/wp\/v2\/media?parent=3258"}],"curies":[{"name":"wp","href":"https:\/\/api.w.org\/{rel}","templated":true}]}}