{"id":3629,"date":"2018-04-18T06:49:21","date_gmt":"2018-04-18T06:49:21","guid":{"rendered":"https:\/\/www.iturraskarri.plazaola.org\/iraneta\/"},"modified":"2018-05-08T10:03:24","modified_gmt":"2018-05-08T10:03:24","slug":"iraneta","status":"publish","type":"page","link":"https:\/\/www.iturraskarri.plazaola.org\/eu\/iraneta\/","title":{"rendered":"Ira\u00f1eta"},"content":{"rendered":"<p>[et_pb_section bb_built=&#8221;1&#8243; background_color=&#8221;#283139&#8243; next_background_color=&#8221;#ffffff&#8221; _builder_version=&#8221;3.0.106&#8243; bottom_divider_style=&#8221;waves2&#8243;][et_pb_row use_custom_gutter=&#8221;on&#8221; gutter_width=&#8221;2&#8243; custom_padding=&#8221;0px|0px|27px|0px&#8221; _builder_version=&#8221;3.0.106&#8243; background_size=&#8221;initial&#8221; background_position=&#8221;top_left&#8221; background_repeat=&#8221;repeat&#8221;][et_pb_column type=&#8221;1_2&#8243;][et_pb_text _builder_version=&#8221;3.0.76&#8243; text_text_color=&#8221;#26cccc&#8221; text_letter_spacing=&#8221;11px&#8221; header_font_size=&#8221;11px&#8221; header_text_color=&#8221;#26cccc&#8221; border_style=&#8221;solid&#8221; saved_tabs=&#8221;all&#8221;]<\/p>\n<p><span style=\"color: #26cccc;\">HERRIZ HERRI<\/span><\/p>\n<p>[\/et_pb_text][et_pb_image admin_label=&#8221;Imagen\/Ira\u00f1eta&#8221; src=&#8221;https:\/\/www.iturraskarri.plazaola.org\/wp-content\/uploads\/2018\/04\/iraneta-handia.jpg&#8221; show_in_lightbox=&#8221;on&#8221; use_overlay=&#8221;on&#8221; hover_icon=&#8221;%%51%%&#8221; _builder_version=&#8221;3.0.106&#8243; border_color_all=&#8221;#ffffff&#8221; use_border_color=&#8221;on&#8221;]<br \/>\n[\/et_pb_image][\/et_pb_column][et_pb_column type=&#8221;1_2&#8243;][et_pb_text admin_label=&#8221;Texto\/Ira\u00f1eta&#8221; _builder_version=&#8221;3.0.106&#8243; background_color=&#8221;#ffffff&#8221; custom_padding=&#8221;30px|30px|30px|30px&#8221; custom_padding_tablet=&#8221;15px|15px|15px|15px&#8221; custom_padding_last_edited=&#8221;on|desktop&#8221;]<\/p>\n<h1><span style=\"color: #a79c93;\">Ira\u00f1eta<br \/>\n<\/span><\/h1>\n<hr \/>\n<h5><strong>Biztanleria (2009)<\/strong><\/h5>\n<p>161 biztanle.<\/p>\n<h5><strong>Historia<\/strong><\/h5>\n<p>1210 Antxo VII.a Indartsuak Ira\u00f1etari foruak eman zizkion.<\/p>\n<p>1394 Erregeak Ira\u00f1etari Torrino eta Zabal despopulatuetako lurrak eman zizkion.<\/p>\n<p>1739 Arakilgo Ibarretik banatu zen Ira\u00f1eta. Gainontzeko herriak epaitegira jo zuten. Ziotenez Ira\u00f1eta beharrezkoa zuten ibarreko gastuei aurre egiteko.<\/p>\n<h5><strong>Zer bisitatu<\/strong><\/h5>\n<ul>\n<li>Urruntzurreko iturburua:<br \/>\nHerriaren iparraldean dago.<\/li>\n<\/ul>\n<ul>\n<li>Natur monumentuak:<br \/>\nAndia mendiaren magalean dauden bost haritzek izendapen hori dute.<\/li>\n<\/ul>\n<ul>\n<li>Erdi Aroko zubia.<\/li>\n<\/ul>\n<h5><strong>Herri hustuak herriz herri<\/strong><\/h5>\n<p><strong>Torrino:<\/strong><br \/>\nBere berri 1268ko agirietan badago ere, XIV. Mendekoetan dagoeneko ez dute aipatzen. Garai berean, kilometro bat mendebaldera zegoen Zabal herrian Torrinoko jendea zegoela aipatzen da. 1394an Torrinoko lurrak Ira\u00f1etara anexionatu zitzaizkion. San Romani eskainitako eliza zuen.<\/p>\n<p><strong>Urruntza:<\/strong><br \/>\nIra\u00f1eta iparraldean zegoen herria, Maddalen haitzaren aldera. Baliteke bere eliza San Miguel Berri ermita izatea.<\/p>\n<p><strong>Zabal:<\/strong><br \/>\nIra\u00f1eta hegoaldean zegoen herri hori, Aralar mendioinan, San Pedro ermitaren ondoan. Haren irudia 1973an desagertu zen. 1394an Zabaldo lurrak Ira\u00f1etara anexionatu zitzaizkion. Bere biztanleak Ira\u00f1etara joan ziren.<\/p>\n<p>[\/et_pb_text][\/et_pb_column][\/et_pb_row][\/et_pb_section][et_pb_section bb_built=&#8221;1&#8243; background_color=&#8221;#ffffff&#8221; _builder_version=&#8221;3.0.106&#8243; border_style_all=&#8221;none&#8221; custom_padding=&#8221;32px|0px|20px|0px&#8221; top_divider_flip=&#8221;vertical&#8221; animation_direction=&#8221;top&#8221; prev_background_color=&#8221;#283139&#8243; next_background_color=&#8221;#c8c1bc&#8221;][et_pb_row custom_padding=&#8221;24px|0px|0px|0px&#8221; _builder_version=&#8221;3.0.106&#8243;][et_pb_column type=&#8221;1_4&#8243;][et_pb_text _builder_version=&#8221;3.0.76&#8243; border_width_all=&#8221;0px&#8221; border_color_all=&#8221;#ffffff&#8221; border_style_all=&#8221;solid&#8221; custom_css_main_element=&#8221;.vl {|| border-left: 6px solid green;|| height: 500px;|| position: absolute;|| left: 50%;|| margin-left: -3px;|| top: 0;||}&#8221; use_border_color=&#8221;on&#8221; border_style=&#8221;solid&#8221;]<\/p>\n<h3><strong>Lekunberriko Turismo Bulegoa<\/strong><\/h3>\n<p>Plazaola, 21<br \/>\n31810 Lekunberri<br \/>\n948 507 205<\/p>\n<p>[\/et_pb_text][\/et_pb_column][et_pb_column type=&#8221;1_4&#8243;][et_pb_image src=&#8221;https:\/\/www.iturraskarri.plazaola.org\/wp-content\/uploads\/2017\/10\/plazaola.ppng_.png&#8221; url=&#8221;http:\/\/www.plazaola.org\/&#8221; url_new_window=&#8221;on&#8221; _builder_version=&#8221;3.0.76&#8243; custom_css_main_element=&#8221;max-width: 180px;||&#8221;]<br \/>\n[\/et_pb_image][\/et_pb_column][et_pb_column type=&#8221;1_4&#8243;][et_pb_image src=&#8221;https:\/\/www.iturraskarri.plazaola.org\/wp-content\/uploads\/2017\/10\/reyno-de-navarra.png&#8221; url=&#8221;http:\/\/www.turismo.navarra.es\/esp\/home\/&#8221; url_new_window=&#8221;on&#8221; _builder_version=&#8221;3.0.76&#8243; custom_css_main_element=&#8221;max-width: 200px;||&#8221;]<br \/>\n[\/et_pb_image][et_pb_text _builder_version=&#8221;3.0.76&#8243;]<\/p>\n<p><span style=\"border-radius: 2px; text-indent: 20px; width: auto; padding: 0px 4px 0px 0px; text-align: center; font: bold 11px\/20px 'Helvetica Neue',Helvetica,sans-serif; color: #ffffff; background: #bd081c no-repeat scroll 3px 50% \/ 14px 14px; position: absolute; opacity: 1; z-index: 8675309; display: none; cursor: pointer; top: 26px; left: 149px;\">Guardar<\/span><\/p>\n<p>[\/et_pb_text][\/et_pb_column][et_pb_column type=&#8221;1_4&#8243;][et_pb_image src=&#8221;https:\/\/www.iturraskarri.plazaola.org\/wp-content\/uploads\/2017\/10\/gobierno-de-navarra.png&#8221; url=&#8221;https:\/\/www.navarra.es&#8221; url_new_window=&#8221;on&#8221; _builder_version=&#8221;3.0.76&#8243;]<br \/>\n[\/et_pb_image][et_pb_image src=&#8221;https:\/\/www.iturraskarri.plazaola.org\/wp-content\/uploads\/2017\/10\/Irurtzungo-gizarte-zerbi.png&#8221; url=&#8221;http:\/\/www.irurtzun.eus\/mancomunidad-de-servicios-sociales-de-la-zona-basica-de-irurtzun\/&#8221; url_new_window=&#8221;on&#8221; _builder_version=&#8221;3.0.76&#8243;]<br \/>\n[\/et_pb_image][et_pb_image src=&#8221;https:\/\/www.iturraskarri.plazaola.org\/wp-content\/uploads\/2017\/10\/empleosociallogo.png&#8221; url=&#8221;http:\/\/www.navarra.es\/home_es\/ServiciosEmpleado\/ficha\/16044\/Ayuda-para-Empleo-Social-Protegido-2017&#8243; url_new_window=&#8221;on&#8221; _builder_version=&#8221;3.0.76&#8243;]<br \/>\n[\/et_pb_image][et_pb_image src=&#8221;https:\/\/www.iturraskarri.plazaola.org\/wp-content\/uploads\/2017\/10\/union-europea.jpg&#8221; url=&#8221;http:\/\/ec.europa.eu\/esf\/home.jsp?langId=es&#8221; url_new_window=&#8221;on&#8221; _builder_version=&#8221;3.0.76&#8243; max_width=&#8221;85%&#8221; custom_margin=&#8221;|||25px&#8221; border_style=&#8221;solid&#8221;]<br \/>\n[\/et_pb_image][\/et_pb_column][\/et_pb_row][\/et_pb_section][et_pb_section bb_built=&#8221;1&#8243; background_color=&#8221;#c8c1bc&#8221; inner_shadow=&#8221;on&#8221; _builder_version=&#8221;3.0.106&#8243; custom_padding=&#8221;0px|0px|0px|0px&#8221; prev_background_color=&#8221;#ffffff&#8221;][et_pb_row custom_padding=&#8221;20px|0px|17px|0px&#8221; _builder_version=&#8221;3.0.47&#8243; background_size=&#8221;initial&#8221; background_position=&#8221;top_left&#8221; background_repeat=&#8221;repeat&#8221;][et_pb_column type=&#8221;4_4&#8243;][et_pb_text _builder_version=&#8221;3.0.106&#8243; text_font=&#8221;Kreon||||&#8221; text_font_size=&#8221;22&#8243; text_text_color=&#8221;#817164&#8243; header_text_align=&#8221;center&#8221; header_font_size=&#8221;16px&#8221; header_text_color=&#8221;rgba(255,255,255,0.42)&#8221;]<\/p>\n<p style=\"text-align: center;\">Iturraskarri: Bideak eta arraskak berritzeko egitasmo soziala<\/p>\n<p>[\/et_pb_text][\/et_pb_column][\/et_pb_row][\/et_pb_section]<\/p>\n","protected":false},"excerpt":{"rendered":"<p>HERRIZ HERRI Ira\u00f1eta Biztanleria (2009) 161 biztanle. Historia 1210 Antxo VII.a Indartsuak Ira\u00f1etari foruak eman zizkion. 1394 Erregeak Ira\u00f1etari Torrino eta Zabal despopulatuetako lurrak eman zizkion. 1739 Arakilgo Ibarretik banatu zen Ira\u00f1eta. Gainontzeko herriak epaitegira jo zuten. Ziotenez Ira\u00f1eta beharrezkoa zuten ibarreko gastuei aurre egiteko. Zer bisitatu Urruntzurreko iturburua: Herriaren iparraldean dago. Natur monumentuak: Andia [&hellip;]<\/p>\n","protected":false},"author":1,"featured_media":0,"parent":0,"menu_order":0,"comment_status":"closed","ping_status":"closed","template":"","meta":{"_et_pb_use_builder":"on","_et_pb_old_content":"","_et_gb_content_width":"","footnotes":""},"class_list":["post-3629","page","type-page","status-publish","hentry"],"_links":{"self":[{"href":"https:\/\/www.iturraskarri.plazaola.org\/eu\/wp-json\/wp\/v2\/pages\/3629","targetHints":{"allow":["GET"]}}],"collection":[{"href":"https:\/\/www.iturraskarri.plazaola.org\/eu\/wp-json\/wp\/v2\/pages"}],"about":[{"href":"https:\/\/www.iturraskarri.plazaola.org\/eu\/wp-json\/wp\/v2\/types\/page"}],"author":[{"embeddable":true,"href":"https:\/\/www.iturraskarri.plazaola.org\/eu\/wp-json\/wp\/v2\/users\/1"}],"replies":[{"embeddable":true,"href":"https:\/\/www.iturraskarri.plazaola.org\/eu\/wp-json\/wp\/v2\/comments?post=3629"}],"version-history":[{"count":6,"href":"https:\/\/www.iturraskarri.plazaola.org\/eu\/wp-json\/wp\/v2\/pages\/3629\/revisions"}],"predecessor-version":[{"id":4501,"href":"https:\/\/www.iturraskarri.plazaola.org\/eu\/wp-json\/wp\/v2\/pages\/3629\/revisions\/4501"}],"wp:attachment":[{"href":"https:\/\/www.iturraskarri.plazaola.org\/eu\/wp-json\/wp\/v2\/media?parent=3629"}],"curies":[{"name":"wp","href":"https:\/\/api.w.org\/{rel}","templated":true}]}}